{"id":2878,"date":"2020-09-08T14:31:54","date_gmt":"2020-09-08T07:31:54","guid":{"rendered":"\/web\/?page_id=2878"},"modified":"2023-09-03T17:17:37","modified_gmt":"2023-09-03T10:17:37","slug":"cong-doan","status":"publish","type":"page","link":"\/web\/cong-doan\/","title":{"rendered":"C\u00f4ng \u0111o\u00e0n"},"content":{"rendered":"\n<iframe loading=\"lazy\" src=\"https:\/\/ttythuyenthanuyen.vn\/hop\/up\/xemsyt.php?ma=157&amp;ch=C\u00f4ng%20\u0111o\u00e0n&amp;quyen=congkhai\" width=\"100%\" height=\"2500px\" frameborder=\"0\"><\/iframe>\n","protected":false},"excerpt":{"rendered":"<div class=\"mh-excerpt\"><\/div>","protected":false},"author":1,"featured_media":0,"parent":0,"menu_order":0,"comment_status":"closed","ping_status":"closed","template":"","meta":{"footnotes":""},"_links":{"self":[{"href":"\/web\/wp-json\/wp\/v2\/pages\/2878"}],"collection":[{"href":"\/web\/wp-json\/wp\/v2\/pages"}],"about":[{"href":"\/web\/wp-json\/wp\/v2\/types\/page"}],"author":[{"embeddable":true,"href":"\/web\/wp-json\/wp\/v2\/users\/1"}],"replies":[{"embeddable":true,"href":"\/web\/wp-json\/wp\/v2\/comments?post=2878"}],"version-history":[{"count":3,"href":"\/web\/wp-json\/wp\/v2\/pages\/2878\/revisions"}],"predecessor-version":[{"id":6324,"href":"\/web\/wp-json\/wp\/v2\/pages\/2878\/revisions\/6324"}],"wp:attachment":[{"href":"\/web\/wp-json\/wp\/v2\/media?parent=2878"}],"curies":[{"name":"wp","href":"https:\/\/api.w.org\/{rel}","templated":true}]}}