{"id":3160,"date":"2020-09-17T09:17:42","date_gmt":"2020-09-17T02:17:42","guid":{"rendered":"\/web\/?page_id=3160"},"modified":"2025-08-06T14:16:58","modified_gmt":"2025-08-06T07:16:58","slug":"hanh-chinh-ke-hoach","status":"publish","type":"page","link":"\/web\/hanh-chinh-ke-hoach\/","title":{"rendered":"Chi b\u1ed9 K\u1ebf ho\u1ea1ch &#8211; T\u00e0i ch\u00ednh &#8211; \u0110i\u1ec1u d\u01b0\u1ee1ng"},"content":{"rendered":"\n<figure class=\"wp-block-table\"><table><tbody><tr><td class=\"has-text-align-center\" data-align=\"center\"><img loading=\"lazy\" decoding=\"async\" width=\"141\" height=\"207\" class=\"wp-image-10230\" style=\"width: 141px;\" src=\"\/web\/wp-content\/uploads\/2025\/08\/14_11_17z06082025.jpg\" alt=\"\"><br><strong>V\u0169 V\u0103n Ng\u1ecdc<\/strong><br><em>B\u00ed th\u01b0<\/em><\/td><\/tr><\/tbody><\/table><\/figure>\n","protected":false},"excerpt":{"rendered":"<div class=\"mh-excerpt\"><p>V\u0169 V\u0103n Ng\u1ecdcB\u00ed th\u01b0<\/p>\n<\/div>","protected":false},"author":1,"featured_media":0,"parent":0,"menu_order":0,"comment_status":"closed","ping_status":"closed","template":"","meta":{"footnotes":""},"_links":{"self":[{"href":"\/web\/wp-json\/wp\/v2\/pages\/3160"}],"collection":[{"href":"\/web\/wp-json\/wp\/v2\/pages"}],"about":[{"href":"\/web\/wp-json\/wp\/v2\/types\/page"}],"author":[{"embeddable":true,"href":"\/web\/wp-json\/wp\/v2\/users\/1"}],"replies":[{"embeddable":true,"href":"\/web\/wp-json\/wp\/v2\/comments?post=3160"}],"version-history":[{"count":9,"href":"\/web\/wp-json\/wp\/v2\/pages\/3160\/revisions"}],"predecessor-version":[{"id":10232,"href":"\/web\/wp-json\/wp\/v2\/pages\/3160\/revisions\/10232"}],"wp:attachment":[{"href":"\/web\/wp-json\/wp\/v2\/media?parent=3160"}],"curies":[{"name":"wp","href":"https:\/\/api.w.org\/{rel}","templated":true}]}}